{"id":6,"date":"2019-01-15T17:40:13","date_gmt":"2019-01-15T17:40:13","guid":{"rendered":"https:\/\/nicole-ekong.de\/wordpress\/?page_id=6"},"modified":"2025-06-11T20:38:37","modified_gmt":"2025-06-11T20:38:37","slug":"bodysmile","status":"publish","type":"page","link":"https:\/\/nicole-ekong.de\/","title":{"rendered":"Back on Track"},"content":{"rendered":"<div class=\"wpb-content-wrapper\">[vc_row bg_type=&#8220;bg_color&#8220; bg_override=&#8220;full&#8220; ult_hide_row=&#8220;ult_hide_row_value&#8220; ult_hide_row_mobile=&#8220;mobile&#8220; el_id=&#8220;backontrack&#8220; bg_color_value=&#8220;#00000000&#8243; css=&#8220;.vc_custom_1743708252548{margin-top: 0px !important;padding-top: 40px !important;padding-bottom: 40px !important;}&#8220;][vc_column][vc_single_image image=&#8220;332&#8243; img_size=&#8220;600&#215;600&#8243; alignment=&#8220;center&#8220; css=&#8220;&#8220; image_hovers=&#8220;false&#8220; lazy_loading=&#8220;true&#8220;][\/vc_column][\/vc_row][vc_row full_width=&#8220;stretch_row_content_no_spaces&#8220; bg_type=&#8220;bg_color&#8220; bg_override=&#8220;full&#8220; ult_hide_row=&#8220;ult_hide_row_value&#8220; ult_hide_row_large_screen=&#8220;large_screen&#8220; ult_hide_row_desktop=&#8220;desktop&#8220; ult_hide_row_tablet=&#8220;tablet&#8220; ult_hide_row_tablet_small=&#8220;xs_tablet&#8220; ult_hide_row_mobile_large=&#8220;xl_mobile&#8220; bg_color_value=&#8220;#00000000&#8243; css=&#8220;.vc_custom_1743708263726{margin-top: 0px !important;margin-right: 0px !important;margin-left: 0px !important;padding-top: 40px !important;padding-right: 0px !important;padding-bottom: 40px !important;padding-left: 0px !important;}&#8220; el_id=&#8220;backontrack&#8220;][vc_column][vc_single_image image=&#8220;369&#8243; img_size=&#8220;700&#215;700&#8243; alignment=&#8220;center&#8220; css=&#8220;&#8220; image_hovers=&#8220;false&#8220; lazy_loading=&#8220;true&#8220;][\/vc_column][\/vc_row][vc_row css=&#8220;.vc_custom_1547741430570{padding-top: 30px !important;padding-bottom: 30px !important;}&#8220;][vc_column][vc_separator][\/vc_column][\/vc_row][vc_row disable_element=&#8220;yes&#8220;][vc_column][vc_separator][\/vc_column][\/vc_row][vc_row bg_type=&#8220;image&#8220; parallax_style=&#8220;vcpb-vz-jquery&#8220; bg_image_repeat=&#8220;no-repeat&#8220; bg_image_size=&#8220;initial&#8220; parallax_sense=&#8220;30&#8243; bg_override=&#8220;full&#8220; css=&#8220;.vc_custom_1743605288587{padding-top: 60px !important;padding-bottom: 35px !important;}&#8220; el_id=&#8220;tuina&#8220;][vc_column css=&#8220;.vc_custom_1550397446664{padding-top: 30px !important;}&#8220;][vc_column_text css=&#8220;&#8220;]\r\n<h1 style=\"text-align: center;\">TUINA THERAPIE<\/h1>\r\n<p style=\"text-align: center;\">Traditionelle chinesische Heilbehandlung nach Prof. Dr. Meng<\/p>\r\n<p style=\"text-align: center;\"><\/p>\r\n[\/vc_column_text][\/vc_column][\/vc_row][vc_row css=&#8220;.vc_custom_1547741430570{padding-top: 30px !important;padding-bottom: 30px !important;}&#8220;][vc_column][vc_separator][\/vc_column][\/vc_row][vc_row bg_type=&#8220;image&#8220; parallax_style=&#8220;vcpb-vz-jquery&#8220; bg_image_repeat=&#8220;no-repeat&#8220; bg_image_size=&#8220;initial&#8220; parallax_sense=&#8220;30&#8243; bg_override=&#8220;full&#8220; css=&#8220;.vc_custom_1743605288587{padding-top: 60px !important;padding-bottom: 35px !important;}&#8220;][vc_column css=&#8220;.vc_custom_1550397446664{padding-top: 30px !important;}&#8220;][vc_column_text css=&#8220;.vc_custom_1743605060817{padding-bottom: 30px !important;}&#8220;]\r\n<p style=\"text-align: center;\">Diese Meridiantherapie (\u00fcber 2000 Jahre alt) ist die Akupunktur durch die Hand des Therapeuten, die Akupressur.<\/p>\r\n<p style=\"text-align: center;\">Ischialgie, Nacken- und Schulterbeschwerden erfahren eine deutliche Linderung des Schmerzes.<\/p>\r\n<p style=\"text-align: center;\">Die Durchblutung wird gef\u00f6rdert, der Schlaf wird besser und die Psyche stabiler, ausgeglichener und ruhiger.<\/p>\r\n<p style=\"text-align: center;\">Bei Interesse sprechen Sie mich gerne an!<\/p>\r\n[\/vc_column_text][\/vc_column][\/vc_row][vc_row disable_element=&#8220;yes&#8220; css=&#8220;.vc_custom_1743608922563{margin-top: -35px !important;margin-bottom: -35px !important;border-top-width: 0px !important;border-bottom-width: 0px !important;padding-top: 0px !important;padding-bottom: 0px !important;}&#8220;][vc_column][rev_slider_vc alias=&#8220;massage_sw&#8220;][\/vc_column][\/vc_row][vc_row disable_element=&#8220;yes&#8220; css=&#8220;.vc_custom_1743609478325{margin-top: -35px !important;margin-bottom: -35px !important;border-top-width: 0px !important;border-bottom-width: 0px !important;padding-top: 0px !important;padding-bottom: 0px !important;}&#8220;][vc_column][vc_single_image image=&#8220;357&#8243; img_size=&#8220;large&#8220; alignment=&#8220;center&#8220; css=&#8220;&#8220;][\/vc_column][\/vc_row][vc_row css=&#8220;.vc_custom_1547741430570{padding-top: 30px !important;padding-bottom: 30px !important;}&#8220;][vc_column][vc_separator][\/vc_column][\/vc_row][vc_row css=&#8220;.vc_custom_1547741574559{padding-top: 30px !important;padding-bottom: 30px !important;}&#8220; el_id=&#8220;ueber-mich&#8220;][vc_column][vc_column_text css=&#8220;&#8220;]\r\n<h1 style=\"text-align: center;\">Nicole Ekong<\/h1>\r\n<p style=\"text-align: center;\">Physiotherapeutin Schwerpunkt TCM<\/p>\r\n[\/vc_column_text][\/vc_column][\/vc_row][vc_row css=&#8220;.vc_custom_1547728482310{padding-top: 30px !important;padding-bottom: 30px !important;}&#8220;][vc_column width=&#8220;1\/2&#8243;][vc_column_text css=&#8220;&#8220;]Durch meine fast 30-j\u00e4hrige Berufserfahrung als Physiotherapeutin und entsprechenden Fortbildungen, die mein Wissen \u00fcber den K\u00f6rper haben wachsen lassen, m\u00f6chte ich Ihnen meine Hilfe bei chronischen Beschwerden anbieten. Kernst\u00fcck meiner Behandlung ist die Tuina Therapie. Eine Akupunktur Behandlung durch die Hand des Therapeuten. Durch ausstreichen TUI, greifen NA und dr\u00fccken AN der Meridianpunkte, in Kombination mit weiteren Massagegriffen, wird der Bewegungsapparat behandelt, Schmerzen genommen und Eingeweidefunktion positiv beeinflusst.\r\n\r\n[\/vc_column_text][\/vc_column][vc_column width=&#8220;1\/2&#8243;][vc_column_text css=&#8220;&#8220;]Mit gezielten \u00dcbungen helfe ich Ihnen, ihre Bewegungsabl\u00e4ufe zu verbessern und eine Symmetrie im K\u00f6rper aufzubauen, um selbst \u201eHerr\/Frau \u00fcber ihren K\u00f6rper\u201c werden zu k\u00f6nnen und nicht ein Dauerpatient mit Schmerzen zu sein.\r\n\r\nGerade in unserer Gegenwart in der Zeitmangel und Stress an der Tagesordnung sind, ist es besonders wichtig seinen K\u00f6rper nicht zu vergessen.\r\n\r\nNur ein gesunder K\u00f6rper und Geist machen das Leben lebenswert.[\/vc_column_text][\/vc_column][\/vc_row][vc_row bg_type=&#8220;image&#8220; parallax_style=&#8220;vcpb-vz-jquery&#8220; bg_image_new=&#8220;id^355|url^https:\/\/nicole-ekong.de\/wp-content\/uploads\/2025\/04\/Portrait_Nicole_Ekong_4800.png|caption^null|alt^null|title^Portrait_Nicole_Ekong_4800|description^null&#8220; bg_image_repeat=&#8220;no-repeat&#8220; parallax_sense=&#8220;30&#8243; bg_override=&#8220;ex-full&#8220; disable_on_mobile_img_parallax=&#8220;disable_on_mobile_img_parallax_value&#8220; ult_hide_row=&#8220;ult_hide_row_value&#8220; ult_hide_row_tablet_small=&#8220;xs_tablet&#8220; ult_hide_row_mobile=&#8220;mobile&#8220; ult_hide_row_mobile_large=&#8220;xl_mobile&#8220; css=&#8220;.vc_custom_1743609419694{padding-top: 320px !important;padding-bottom: 320px !important;}&#8220;][vc_column width=&#8220;1\/3&#8243;][\/vc_column][vc_column parallax=&#8220;content-moving&#8220; width=&#8220;1\/3&#8243;][\/vc_column][vc_column width=&#8220;1\/3&#8243;][\/vc_column][\/vc_row][vc_row bg_type=&#8220;image&#8220; parallax_style=&#8220;vcpb-vz-jquery&#8220; bg_image_new=&#8220;id^355|url^https:\/\/nicole-ekong.de\/wp-content\/uploads\/2025\/04\/Portrait_Nicole_Ekong_4800.png|caption^null|alt^null|title^Portrait_Nicole_Ekong_4800|description^null&#8220; bg_image_repeat=&#8220;no-repeat&#8220; parallax_sense=&#8220;30&#8243; bg_override=&#8220;ex-full&#8220; disable_on_mobile_img_parallax=&#8220;disable_on_mobile_img_parallax_value&#8220; parallax_content=&#8220;parallax_content_value&#8220; fadeout_row=&#8220;fadeout_row_value&#8220; ult_hide_row=&#8220;ult_hide_row_value&#8220; ult_hide_row_large_screen=&#8220;large_screen&#8220; ult_hide_row_desktop=&#8220;desktop&#8220; ult_hide_row_tablet=&#8220;tablet&#8220; css=&#8220;.vc_custom_1743609329478{padding-top: 280px !important;padding-bottom: 280px !important;}&#8220;][vc_column width=&#8220;1\/3&#8243;][\/vc_column][vc_column parallax=&#8220;content-moving&#8220; width=&#8220;1\/3&#8243;][\/vc_column][vc_column width=&#8220;1\/3&#8243;][\/vc_column][\/vc_row][vc_row disable_element=&#8220;yes&#8220;][vc_column][vc_separator][\/vc_column][\/vc_row][vc_row css=&#8220;.vc_custom_1547741313725{padding-top: 30px !important;padding-bottom: 30px !important;}&#8220; el_id=&#8220;kontakt&#8220;][vc_column][vc_column_text]\r\n<h1 style=\"text-align: center;\">Kontakt<\/h1>\r\n[\/vc_column_text][vc_column_text css=&#8220;&#8220;]\r\n<p style=\"text-align: center;\"><strong>Back on Track<\/strong>\r\nNicole Ekong<\/p>\r\n<p style=\"text-align: center;\">Norddeich 20\r\n25924 Roden\u00e4s<\/p>\r\n<p style=\"text-align: center;\"><a href=\"tel:+4915168440022\">+49 151 68440022<\/a>\r\n<a href=\"mailto:moin@nicole-ekong.de\">moin@nicole-ekong.de<\/a><\/p>\r\n[\/vc_column_text][\/vc_column][\/vc_row][vc_row][vc_column][vc_separator][\/vc_column][\/vc_row][vc_row css=&#8220;.vc_custom_1743709715507{padding-top: 30px !important;}&#8220; el_id=&#8220;orte&#8220;][vc_column][vc_column_text css=&#8220;&#8220;]\r\n<h1 style=\"text-align: center;\">Orte<\/h1>\r\n[\/vc_column_text][vc_column_text css=&#8220;&#8220;]\r\n<p style=\"text-align: center;\">Gerne behandel ich Sie bei uns vor Ort auf dem <a href=\"https:\/\/hofdeichkind.de\/\" target=\"_blank\" rel=\"noopener\"><strong>Hof Deichkind<\/strong><\/a> in Ronden\u00e4s<\/p>\r\n<p style=\"text-align: center;\">oder in der <strong>Alten Maierei Klanxb\u00fcll<\/strong> in den R\u00e4umen von <a href=\"https:\/\/www.sitaram-nordfriesland.com\/\" target=\"_blank\" rel=\"noopener\"><strong>Sitaram<\/strong><\/a><\/p>\r\n[\/vc_column_text][\/vc_column][\/vc_row]<!-- \/wp:post-content --><\/div>","protected":false},"excerpt":{"rendered":"<p>[vc_row bg_type=&#8220;bg_color&#8220; bg_override=&#8220;full&#8220; ult_hide_row=&#8220;ult_hide_row_value&#8220; ult_hide_row_mobile=&#8220;mobile&#8220; el_id=&#8220;backontrack&#8220; bg_color_value=&#8220;#00000000&#8243; css=&#8220;.vc_custom_1743708252548{margin-top: 0px !important;padding-top: 40px !important;padding-bottom: 40px !important;}&#8220;][vc_column][vc_single_image image=&#8220;332&#8243; img_size=&#8220;600&#215;600&#8243; alignment=&#8220;center&#8220; css=&#8220;&#8220; image_hovers=&#8220;false&#8220; lazy_loading=&#8220;true&#8220;][\/vc_column][\/vc_row][vc_row full_width=&#8220;stretch_row_content_no_spaces&#8220; bg_type=&#8220;bg_color&#8220; bg_override=&#8220;full&#8220; ult_hide_row=&#8220;ult_hide_row_value&#8220; ult_hide_row_large_screen=&#8220;large_screen&#8220; ult_hide_row_desktop=&#8220;desktop&#8220; ult_hide_row_tablet=&#8220;tablet&#8220; ult_hide_row_tablet_small=&#8220;xs_tablet&#8220; ult_hide_row_mobile_large=&#8220;xl_mobile&#8220; bg_color_value=&#8220;#00000000&#8243; css=&#8220;.vc_custom_1743708263726{margin-top: 0px !important;margin-right: 0px !important;margin-left: 0px !important;padding-top: 40px !important;padding-right: 0px !important;padding-bottom: 40px !important;padding-left: 0px !important;}&#8220; el_id=&#8220;backontrack&#8220;][vc_column][vc_single_image image=&#8220;369&#8243; img_size=&#8220;700&#215;700&#8243; alignment=&#8220;center&#8220; css=&#8220;&#8220; image_hovers=&#8220;false&#8220; lazy_loading=&#8220;true&#8220;][\/vc_column][\/vc_row][vc_row css=&#8220;.vc_custom_1547741430570{padding-top: 30px !important;padding-bottom:&hellip;<\/p>\n","protected":false},"author":1,"featured_media":0,"parent":0,"menu_order":0,"comment_status":"closed","ping_status":"closed","template":"template-microsite.php","meta":{"footnotes":""},"class_list":["post-6","page","type-page","status-publish","hentry","description-off"],"yoast_head":"<!-- This site is optimized with the Yoast SEO plugin v25.3 - https:\/\/yoast.com\/wordpress\/plugins\/seo\/ -->\n<title>Back on Track - Nicole Ekong - Physiotherapeutin - TCM - Rodenaes - Nordfriesland<\/title>\n<meta name=\"description\" content=\"TUINA THERAPIE Traditionelle chinesische Heilbehandlung nach Prof. Dr. Meng in Roden\u00e4s, Nordfriesland, Schleswig-Holstein.\" \/>\n<meta name=\"robots\" content=\"index, follow, max-snippet:-1, max-image-preview:large, max-video-preview:-1\" \/>\n<link rel=\"canonical\" href=\"https:\/\/nicole-ekong.de\/\" \/>\n<meta property=\"og:locale\" content=\"de_DE\" \/>\n<meta property=\"og:type\" content=\"article\" \/>\n<meta property=\"og:title\" content=\"Back on Track - Nicole Ekong - Physiotherapeutin - TCM - Rodenaes - Nordfriesland\" \/>\n<meta property=\"og:description\" content=\"TUINA THERAPIE Traditionelle chinesische Heilbehandlung nach Prof. Dr. Meng in Roden\u00e4s, Nordfriesland, Schleswig-Holstein.\" \/>\n<meta property=\"og:url\" content=\"https:\/\/nicole-ekong.de\/\" \/>\n<meta property=\"og:site_name\" content=\"Back on Track - Nicole Ekong - Physiotherapeutin - TCM - Rodenaes - Nordfriesland\" \/>\n<meta property=\"article:modified_time\" content=\"2025-06-11T20:38:37+00:00\" \/>\n<meta name=\"twitter:card\" content=\"summary_large_image\" \/>\n<meta name=\"twitter:label1\" content=\"Gesch\u00e4tzte Lesezeit\" \/>\n\t<meta name=\"twitter:data1\" content=\"3\u00a0Minuten\" \/>\n<script type=\"application\/ld+json\" class=\"yoast-schema-graph\">{\"@context\":\"https:\/\/schema.org\",\"@graph\":[{\"@type\":\"WebPage\",\"@id\":\"https:\/\/nicole-ekong.de\/\",\"url\":\"https:\/\/nicole-ekong.de\/\",\"name\":\"Back on Track - Nicole Ekong - Physiotherapeutin - TCM - Rodenaes - Nordfriesland\",\"isPartOf\":{\"@id\":\"https:\/\/nicole-ekong.de\/#website\"},\"datePublished\":\"2019-01-15T17:40:13+00:00\",\"dateModified\":\"2025-06-11T20:38:37+00:00\",\"description\":\"TUINA THERAPIE Traditionelle chinesische Heilbehandlung nach Prof. Dr. Meng in Roden\u00e4s, Nordfriesland, Schleswig-Holstein.\",\"breadcrumb\":{\"@id\":\"https:\/\/nicole-ekong.de\/#breadcrumb\"},\"inLanguage\":\"de\",\"potentialAction\":[{\"@type\":\"ReadAction\",\"target\":[\"https:\/\/nicole-ekong.de\/\"]}]},{\"@type\":\"BreadcrumbList\",\"@id\":\"https:\/\/nicole-ekong.de\/#breadcrumb\",\"itemListElement\":[{\"@type\":\"ListItem\",\"position\":1,\"name\":\"Startseite\",\"item\":\"https:\/\/nicole-ekong.de\/\"},{\"@type\":\"ListItem\",\"position\":2,\"name\":\"Back on Track\"}]},{\"@type\":\"WebSite\",\"@id\":\"https:\/\/nicole-ekong.de\/#website\",\"url\":\"https:\/\/nicole-ekong.de\/\",\"name\":\"Back on Track - Nicole Ekong - Physiotherapeutin - TCM - Rodenaes - Nordfriesland\",\"description\":\"TUINA THERAPIE Traditionelle chinesische Heilbehandlung nach Prof. Dr. Meng\",\"potentialAction\":[{\"@type\":\"SearchAction\",\"target\":{\"@type\":\"EntryPoint\",\"urlTemplate\":\"https:\/\/nicole-ekong.de\/?s={search_term_string}\"},\"query-input\":{\"@type\":\"PropertyValueSpecification\",\"valueRequired\":true,\"valueName\":\"search_term_string\"}}],\"inLanguage\":\"de\"}]}<\/script>\n<!-- \/ Yoast SEO plugin. -->","yoast_head_json":{"title":"Back on Track - Nicole Ekong - Physiotherapeutin - TCM - Rodenaes - Nordfriesland","description":"TUINA THERAPIE Traditionelle chinesische Heilbehandlung nach Prof. Dr. Meng in Roden\u00e4s, Nordfriesland, Schleswig-Holstein.","robots":{"index":"index","follow":"follow","max-snippet":"max-snippet:-1","max-image-preview":"max-image-preview:large","max-video-preview":"max-video-preview:-1"},"canonical":"https:\/\/nicole-ekong.de\/","og_locale":"de_DE","og_type":"article","og_title":"Back on Track - Nicole Ekong - Physiotherapeutin - TCM - Rodenaes - Nordfriesland","og_description":"TUINA THERAPIE Traditionelle chinesische Heilbehandlung nach Prof. Dr. Meng in Roden\u00e4s, Nordfriesland, Schleswig-Holstein.","og_url":"https:\/\/nicole-ekong.de\/","og_site_name":"Back on Track - Nicole Ekong - Physiotherapeutin - TCM - Rodenaes - Nordfriesland","article_modified_time":"2025-06-11T20:38:37+00:00","twitter_card":"summary_large_image","twitter_misc":{"Gesch\u00e4tzte Lesezeit":"3\u00a0Minuten"},"schema":{"@context":"https:\/\/schema.org","@graph":[{"@type":"WebPage","@id":"https:\/\/nicole-ekong.de\/","url":"https:\/\/nicole-ekong.de\/","name":"Back on Track - Nicole Ekong - Physiotherapeutin - TCM - Rodenaes - Nordfriesland","isPartOf":{"@id":"https:\/\/nicole-ekong.de\/#website"},"datePublished":"2019-01-15T17:40:13+00:00","dateModified":"2025-06-11T20:38:37+00:00","description":"TUINA THERAPIE Traditionelle chinesische Heilbehandlung nach Prof. Dr. Meng in Roden\u00e4s, Nordfriesland, Schleswig-Holstein.","breadcrumb":{"@id":"https:\/\/nicole-ekong.de\/#breadcrumb"},"inLanguage":"de","potentialAction":[{"@type":"ReadAction","target":["https:\/\/nicole-ekong.de\/"]}]},{"@type":"BreadcrumbList","@id":"https:\/\/nicole-ekong.de\/#breadcrumb","itemListElement":[{"@type":"ListItem","position":1,"name":"Startseite","item":"https:\/\/nicole-ekong.de\/"},{"@type":"ListItem","position":2,"name":"Back on Track"}]},{"@type":"WebSite","@id":"https:\/\/nicole-ekong.de\/#website","url":"https:\/\/nicole-ekong.de\/","name":"Back on Track - Nicole Ekong - Physiotherapeutin - TCM - Rodenaes - Nordfriesland","description":"TUINA THERAPIE Traditionelle chinesische Heilbehandlung nach Prof. Dr. Meng","potentialAction":[{"@type":"SearchAction","target":{"@type":"EntryPoint","urlTemplate":"https:\/\/nicole-ekong.de\/?s={search_term_string}"},"query-input":{"@type":"PropertyValueSpecification","valueRequired":true,"valueName":"search_term_string"}}],"inLanguage":"de"}]}},"_links":{"self":[{"href":"https:\/\/nicole-ekong.de\/index.php\/wp-json\/wp\/v2\/pages\/6","targetHints":{"allow":["GET"]}}],"collection":[{"href":"https:\/\/nicole-ekong.de\/index.php\/wp-json\/wp\/v2\/pages"}],"about":[{"href":"https:\/\/nicole-ekong.de\/index.php\/wp-json\/wp\/v2\/types\/page"}],"author":[{"embeddable":true,"href":"https:\/\/nicole-ekong.de\/index.php\/wp-json\/wp\/v2\/users\/1"}],"replies":[{"embeddable":true,"href":"https:\/\/nicole-ekong.de\/index.php\/wp-json\/wp\/v2\/comments?post=6"}],"version-history":[{"count":258,"href":"https:\/\/nicole-ekong.de\/index.php\/wp-json\/wp\/v2\/pages\/6\/revisions"}],"predecessor-version":[{"id":382,"href":"https:\/\/nicole-ekong.de\/index.php\/wp-json\/wp\/v2\/pages\/6\/revisions\/382"}],"wp:attachment":[{"href":"https:\/\/nicole-ekong.de\/index.php\/wp-json\/wp\/v2\/media?parent=6"}],"curies":[{"name":"wp","href":"https:\/\/api.w.org\/{rel}","templated":true}]}}