{"id":50,"date":"2019-01-17T08:20:24","date_gmt":"2019-01-17T08:20:24","guid":{"rendered":"https:\/\/nicole-ekong.de\/wordpress\/?page_id=50"},"modified":"2025-05-28T16:53:14","modified_gmt":"2025-05-28T16:53:14","slug":"impressum","status":"publish","type":"page","link":"https:\/\/nicole-ekong.de\/index.php\/impressum\/","title":{"rendered":"Impressum"},"content":{"rendered":"<div class=\"wpb-content-wrapper\"><p>[vc_row][vc_column][vc_column_text]<\/p>\r\n<h1 style=\"text-align: center;\">Impressum<\/h1>\r\n<p>[\/vc_column_text][vc_column_text css=&#8220;&#8220;]<\/p>\r\n<p>Back on Track \u2013 Nicole Ekong<br \/>Norddeich 20<br \/>25924 Roden\u00e4s<\/p>\r\n\r\n<p>+49 151 68440022<br \/><a href=\"mailto:moin@nicole-ekong.de\">moin@nicole-ekong.de<\/a><\/p>\r\n\r\n<p><strong>Inhaltlich verantwortlich:<\/strong> Nicole Ekong<\/p>\r\n\r\n<p><strong>Webdesign \/ Gestaltung und Umsetzung:<\/strong> <a href=\"https:\/\/tiefseh.net\" target=\"_blank\" rel=\"noreferrer noopener\" aria-label=\"Webdesign \/ Gestaltung und Umsetzung: Niklas Boockhoff \/ tiefseh.net (\u00f6ffnet in neuem Tab)\">Niklas Boockhoff \/ tiefseh.net<\/a><\/p>\r\n\r\n<p><strong>Urheberrecht:<\/strong> Der Inhalt der Webseite ist urheberrechtlich gesch\u00fctzt. Alle Rechte an den Abbildungen und Texten liegen bei Back on Track \u2013 Nicole Ekong. Ver\u00f6ffentlichung, Vervielf\u00e4ltigung und Verwendung der Inhalte, auch auszugsweise, ist ohne schriftliche Zustimmung von Back on Track \u2013 Nicole Ekong untersagt.<\/p>\r\n\r\n<p><strong>Haftungsausschluss:<\/strong> Trotz sorgf\u00e4ltiger Kontrolle wird keine Haftung f\u00fcr die Inhalte externer Links \u00fcbernommen. F\u00fcr den Inhalt der verlinkten Seiten sind ausschlie\u00dflich deren Betreiber verantwortlich.<\/p>\r\n<p>[\/vc_column_text][\/vc_column][\/vc_row]<\/p><\/div>","protected":false},"excerpt":{"rendered":"<p>[vc_row][vc_column][vc_column_text] Impressum [\/vc_column_text][vc_column_text css=&#8220;&#8220;] Back on Track \u2013 Nicole EkongNorddeich 2025924 Roden\u00e4s +49 151 68440022moin@nicole-ekong.de Inhaltlich verantwortlich: Nicole Ekong Webdesign \/ Gestaltung und Umsetzung: Niklas Boockhoff \/ tiefseh.net Urheberrecht: Der Inhalt der Webseite ist urheberrechtlich gesch\u00fctzt. Alle Rechte an den Abbildungen und Texten liegen bei Back on Track \u2013 Nicole Ekong. Ver\u00f6ffentlichung, Vervielf\u00e4ltigung und Verwendung&hellip;<\/p>\n","protected":false},"author":1,"featured_media":0,"parent":0,"menu_order":0,"comment_status":"closed","ping_status":"closed","template":"","meta":{"footnotes":""},"class_list":["post-50","page","type-page","status-publish","hentry","description-off"],"yoast_head":"<!-- This site is optimized with the Yoast SEO plugin v25.3 - https:\/\/yoast.com\/wordpress\/plugins\/seo\/ -->\n<title>Impressum - Back on Track - Nicole Ekong - Physiotherapeutin - TCM - Rodenaes - Nordfriesland<\/title>\n<meta name=\"robots\" content=\"index, follow, max-snippet:-1, max-image-preview:large, max-video-preview:-1\" \/>\n<link rel=\"canonical\" href=\"https:\/\/nicole-ekong.de\/index.php\/impressum\/\" \/>\n<meta property=\"og:locale\" content=\"de_DE\" \/>\n<meta property=\"og:type\" content=\"article\" \/>\n<meta property=\"og:title\" content=\"Impressum - Back on Track - Nicole Ekong - Physiotherapeutin - TCM - Rodenaes - Nordfriesland\" \/>\n<meta property=\"og:description\" content=\"[vc_row][vc_column][vc_column_text] Impressum [\/vc_column_text][vc_column_text css=&#8220;&#8220;] Back on Track \u2013 Nicole EkongNorddeich 2025924 Roden\u00e4s +49 151 68440022moin@nicole-ekong.de Inhaltlich verantwortlich: Nicole Ekong Webdesign \/ Gestaltung und Umsetzung: Niklas Boockhoff \/ tiefseh.net Urheberrecht: Der Inhalt der Webseite ist urheberrechtlich gesch\u00fctzt. Alle Rechte an den Abbildungen und Texten liegen bei Back on Track \u2013 Nicole Ekong. Ver\u00f6ffentlichung, Vervielf\u00e4ltigung und Verwendung&hellip;\" \/>\n<meta property=\"og:url\" content=\"https:\/\/nicole-ekong.de\/index.php\/impressum\/\" \/>\n<meta property=\"og:site_name\" content=\"Back on Track - Nicole Ekong - Physiotherapeutin - TCM - Rodenaes - Nordfriesland\" \/>\n<meta property=\"article:modified_time\" content=\"2025-05-28T16:53:14+00:00\" \/>\n<meta name=\"twitter:card\" content=\"summary_large_image\" \/>\n<meta name=\"twitter:label1\" content=\"Gesch\u00e4tzte Lesezeit\" \/>\n\t<meta name=\"twitter:data1\" content=\"1\u00a0Minute\" \/>\n<script type=\"application\/ld+json\" class=\"yoast-schema-graph\">{\"@context\":\"https:\/\/schema.org\",\"@graph\":[{\"@type\":\"WebPage\",\"@id\":\"https:\/\/nicole-ekong.de\/index.php\/impressum\/\",\"url\":\"https:\/\/nicole-ekong.de\/index.php\/impressum\/\",\"name\":\"Impressum - Back on Track - Nicole Ekong - Physiotherapeutin - TCM - Rodenaes - Nordfriesland\",\"isPartOf\":{\"@id\":\"https:\/\/nicole-ekong.de\/#website\"},\"datePublished\":\"2019-01-17T08:20:24+00:00\",\"dateModified\":\"2025-05-28T16:53:14+00:00\",\"breadcrumb\":{\"@id\":\"https:\/\/nicole-ekong.de\/index.php\/impressum\/#breadcrumb\"},\"inLanguage\":\"de\",\"potentialAction\":[{\"@type\":\"ReadAction\",\"target\":[\"https:\/\/nicole-ekong.de\/index.php\/impressum\/\"]}]},{\"@type\":\"BreadcrumbList\",\"@id\":\"https:\/\/nicole-ekong.de\/index.php\/impressum\/#breadcrumb\",\"itemListElement\":[{\"@type\":\"ListItem\",\"position\":1,\"name\":\"Startseite\",\"item\":\"https:\/\/nicole-ekong.de\/\"},{\"@type\":\"ListItem\",\"position\":2,\"name\":\"Impressum\"}]},{\"@type\":\"WebSite\",\"@id\":\"https:\/\/nicole-ekong.de\/#website\",\"url\":\"https:\/\/nicole-ekong.de\/\",\"name\":\"Back on Track - Nicole Ekong - Physiotherapeutin - TCM - Rodenaes - Nordfriesland\",\"description\":\"TUINA THERAPIE Traditionelle chinesische Heilbehandlung nach Prof. Dr. Meng\",\"potentialAction\":[{\"@type\":\"SearchAction\",\"target\":{\"@type\":\"EntryPoint\",\"urlTemplate\":\"https:\/\/nicole-ekong.de\/?s={search_term_string}\"},\"query-input\":{\"@type\":\"PropertyValueSpecification\",\"valueRequired\":true,\"valueName\":\"search_term_string\"}}],\"inLanguage\":\"de\"}]}<\/script>\n<!-- \/ Yoast SEO plugin. -->","yoast_head_json":{"title":"Impressum - Back on Track - Nicole Ekong - Physiotherapeutin - TCM - Rodenaes - Nordfriesland","robots":{"index":"index","follow":"follow","max-snippet":"max-snippet:-1","max-image-preview":"max-image-preview:large","max-video-preview":"max-video-preview:-1"},"canonical":"https:\/\/nicole-ekong.de\/index.php\/impressum\/","og_locale":"de_DE","og_type":"article","og_title":"Impressum - Back on Track - Nicole Ekong - Physiotherapeutin - TCM - Rodenaes - Nordfriesland","og_description":"[vc_row][vc_column][vc_column_text] Impressum [\/vc_column_text][vc_column_text css=&#8220;&#8220;] Back on Track \u2013 Nicole EkongNorddeich 2025924 Roden\u00e4s +49 151 68440022moin@nicole-ekong.de Inhaltlich verantwortlich: Nicole Ekong Webdesign \/ Gestaltung und Umsetzung: Niklas Boockhoff \/ tiefseh.net Urheberrecht: Der Inhalt der Webseite ist urheberrechtlich gesch\u00fctzt. Alle Rechte an den Abbildungen und Texten liegen bei Back on Track \u2013 Nicole Ekong. Ver\u00f6ffentlichung, Vervielf\u00e4ltigung und Verwendung&hellip;","og_url":"https:\/\/nicole-ekong.de\/index.php\/impressum\/","og_site_name":"Back on Track - Nicole Ekong - Physiotherapeutin - TCM - Rodenaes - Nordfriesland","article_modified_time":"2025-05-28T16:53:14+00:00","twitter_card":"summary_large_image","twitter_misc":{"Gesch\u00e4tzte Lesezeit":"1\u00a0Minute"},"schema":{"@context":"https:\/\/schema.org","@graph":[{"@type":"WebPage","@id":"https:\/\/nicole-ekong.de\/index.php\/impressum\/","url":"https:\/\/nicole-ekong.de\/index.php\/impressum\/","name":"Impressum - Back on Track - Nicole Ekong - Physiotherapeutin - TCM - Rodenaes - Nordfriesland","isPartOf":{"@id":"https:\/\/nicole-ekong.de\/#website"},"datePublished":"2019-01-17T08:20:24+00:00","dateModified":"2025-05-28T16:53:14+00:00","breadcrumb":{"@id":"https:\/\/nicole-ekong.de\/index.php\/impressum\/#breadcrumb"},"inLanguage":"de","potentialAction":[{"@type":"ReadAction","target":["https:\/\/nicole-ekong.de\/index.php\/impressum\/"]}]},{"@type":"BreadcrumbList","@id":"https:\/\/nicole-ekong.de\/index.php\/impressum\/#breadcrumb","itemListElement":[{"@type":"ListItem","position":1,"name":"Startseite","item":"https:\/\/nicole-ekong.de\/"},{"@type":"ListItem","position":2,"name":"Impressum"}]},{"@type":"WebSite","@id":"https:\/\/nicole-ekong.de\/#website","url":"https:\/\/nicole-ekong.de\/","name":"Back on Track - Nicole Ekong - Physiotherapeutin - TCM - Rodenaes - Nordfriesland","description":"TUINA THERAPIE Traditionelle chinesische Heilbehandlung nach Prof. Dr. Meng","potentialAction":[{"@type":"SearchAction","target":{"@type":"EntryPoint","urlTemplate":"https:\/\/nicole-ekong.de\/?s={search_term_string}"},"query-input":{"@type":"PropertyValueSpecification","valueRequired":true,"valueName":"search_term_string"}}],"inLanguage":"de"}]}},"_links":{"self":[{"href":"https:\/\/nicole-ekong.de\/index.php\/wp-json\/wp\/v2\/pages\/50","targetHints":{"allow":["GET"]}}],"collection":[{"href":"https:\/\/nicole-ekong.de\/index.php\/wp-json\/wp\/v2\/pages"}],"about":[{"href":"https:\/\/nicole-ekong.de\/index.php\/wp-json\/wp\/v2\/types\/page"}],"author":[{"embeddable":true,"href":"https:\/\/nicole-ekong.de\/index.php\/wp-json\/wp\/v2\/users\/1"}],"replies":[{"embeddable":true,"href":"https:\/\/nicole-ekong.de\/index.php\/wp-json\/wp\/v2\/comments?post=50"}],"version-history":[{"count":10,"href":"https:\/\/nicole-ekong.de\/index.php\/wp-json\/wp\/v2\/pages\/50\/revisions"}],"predecessor-version":[{"id":328,"href":"https:\/\/nicole-ekong.de\/index.php\/wp-json\/wp\/v2\/pages\/50\/revisions\/328"}],"wp:attachment":[{"href":"https:\/\/nicole-ekong.de\/index.php\/wp-json\/wp\/v2\/media?parent=50"}],"curies":[{"name":"wp","href":"https:\/\/api.w.org\/{rel}","templated":true}]}}